{"id":553,"date":"2020-12-11T14:08:30","date_gmt":"2020-12-11T14:08:30","guid":{"rendered":"https:\/\/xn--gailtaleralmkse-dlb.at\/?page_id=553"},"modified":"2020-12-12T12:03:36","modified_gmt":"2020-12-12T12:03:36","slug":"support","status":"publish","type":"page","link":"https:\/\/xn--gailtaleralmkse-dlb.at\/index.php\/support\/","title":{"rendered":"Kundensupport"},"content":{"rendered":"\t\t<div data-elementor-type=\"wp-page\" data-elementor-id=\"553\" class=\"elementor elementor-553\" data-elementor-settings=\"[]\">\n\t\t\t\t\t\t<div class=\"elementor-inner\">\n\t\t\t\t\t\t\t<div class=\"elementor-section-wrap\">\n\t\t\t\t\t\t\t<section class=\"elementor-section elementor-top-section elementor-element elementor-element-2fb97a8 elementor-section-boxed elementor-section-height-default elementor-section-height-default\" data-id=\"2fb97a8\" data-element_type=\"section\">\n\t\t\t\t\t\t<div class=\"elementor-container elementor-column-gap-default\">\n\t\t\t\t\t\t\t<div class=\"elementor-row\">\n\t\t\t\t\t<div class=\"aux-parallax-section elementor-column elementor-col-100 elementor-top-column elementor-element elementor-element-0b17102\" data-id=\"0b17102\" data-element_type=\"column\">\n\t\t\t<div class=\"elementor-column-wrap elementor-element-populated\">\n\t\t\t\t\t\t\t<div class=\"elementor-widget-wrap\">\n\t\t\t\t\t\t<div class=\"elementor-element elementor-element-03e98cc elementor-widget elementor-widget-heading\" data-id=\"03e98cc\" data-element_type=\"widget\" data-widget_type=\"heading.default\">\n\t\t\t\t<div class=\"elementor-widget-container\">\n\t\t\t<h2 class=\"elementor-heading-title elementor-size-default\">Sie haben Fragen an uns? - Gerne!<\/h2>\t\t<\/div>\n\t\t\t\t<\/div>\n\t\t\t\t<div class=\"elementor-element elementor-element-2a63f02 elementor-widget elementor-widget-spacer\" data-id=\"2a63f02\" data-element_type=\"widget\" data-widget_type=\"spacer.default\">\n\t\t\t\t<div class=\"elementor-widget-container\">\n\t\t\t\t\t<div class=\"elementor-spacer\">\n\t\t\t<div class=\"elementor-spacer-inner\"><\/div>\n\t\t<\/div>\n\t\t\t\t<\/div>\n\t\t\t\t<\/div>\n\t\t\t\t\t\t<\/div>\n\t\t\t\t\t<\/div>\n\t\t<\/div>\n\t\t\t\t\t\t\t\t<\/div>\n\t\t\t\t\t<\/div>\n\t\t<\/section>\n\t\t\t\t<section class=\"elementor-section elementor-top-section elementor-element elementor-element-566263b elementor-section-boxed elementor-section-height-default elementor-section-height-default\" data-id=\"566263b\" data-element_type=\"section\">\n\t\t\t\t\t\t<div class=\"elementor-container elementor-column-gap-default\">\n\t\t\t\t\t\t\t<div class=\"elementor-row\">\n\t\t\t\t\t<div class=\"aux-parallax-section elementor-column elementor-col-50 elementor-top-column elementor-element elementor-element-594f956\" data-id=\"594f956\" data-element_type=\"column\">\n\t\t\t<div class=\"elementor-column-wrap elementor-element-populated\">\n\t\t\t\t\t\t\t<div class=\"elementor-widget-wrap\">\n\t\t\t\t\t\t<div class=\"elementor-element elementor-element-c2bddab elementor-widget elementor-widget-heading\" data-id=\"c2bddab\" data-element_type=\"widget\" data-widget_type=\"heading.default\">\n\t\t\t\t<div class=\"elementor-widget-container\">\n\t\t\t<h2 class=\"elementor-heading-title elementor-size-default\">Kontaktm\u00f6glichkeiten<\/h2>\t\t<\/div>\n\t\t\t\t<\/div>\n\t\t\t\t<div class=\"elementor-element elementor-element-98d4a9b elementor-widget elementor-widget-text-editor\" data-id=\"98d4a9b\" data-element_type=\"widget\" data-widget_type=\"text-editor.default\">\n\t\t\t\t<div class=\"elementor-widget-container\">\n\t\t\t\t\t\t\t\t<div class=\"elementor-text-editor elementor-clearfix\">\n\t\t\t\t<p>Gerne nehmen wir uns Zeit, um Ihre Fragen, Anliegen und Beanstandungen ausf\u00fchrlich zu beantworten. Selbstverst\u00e4ndlich haben wir auch ein offenes Ohr f\u00fcr Verbesserungsvorschl\u00e4ge, die sie f\u00fcr unseren Betrieb haben. Andererseits h\u00f6ren wir auch gerne Lob, f\u00fcr die die folgenden Kontaktm\u00f6glichkeiten ebenso genutzt werden k\u00f6nnen.<\/p>\n<p><\/p>\t\t\t\t\t<\/div>\n\t\t\t\t\t\t<\/div>\n\t\t\t\t<\/div>\n\t\t\t\t<div class=\"elementor-element elementor-element-452dc56 elementor-view-default elementor-widget elementor-widget-icon\" data-id=\"452dc56\" data-element_type=\"widget\" data-widget_type=\"icon.default\">\n\t\t\t\t<div class=\"elementor-widget-container\">\n\t\t\t\t\t<div class=\"elementor-icon-wrapper\">\n\t\t\t<div class=\"elementor-icon\">\n\t\t\t<i aria-hidden=\"true\" class=\"auxicon auxicon-ios-telephone\"><\/i>\t\t\t<\/div>\n\t\t<\/div>\n\t\t\t\t<\/div>\n\t\t\t\t<\/div>\n\t\t\t\t<div class=\"elementor-element elementor-element-883eccd elementor-widget elementor-widget-text-editor\" data-id=\"883eccd\" data-element_type=\"widget\" data-widget_type=\"text-editor.default\">\n\t\t\t\t<div class=\"elementor-widget-container\">\n\t\t\t\t\t\t\t\t<div class=\"elementor-text-editor elementor-clearfix\">\n\t\t\t\t<p style=\"text-align: center;\"><b>Telefon<\/b>:\u00a0 0043 (0)650 37 26 174<\/p>\t\t\t\t\t<\/div>\n\t\t\t\t\t\t<\/div>\n\t\t\t\t<\/div>\n\t\t\t\t<div class=\"elementor-element elementor-element-5acc7d2 elementor-view-default elementor-widget elementor-widget-icon\" data-id=\"5acc7d2\" data-element_type=\"widget\" data-widget_type=\"icon.default\">\n\t\t\t\t<div class=\"elementor-widget-container\">\n\t\t\t\t\t<div class=\"elementor-icon-wrapper\">\n\t\t\t<div class=\"elementor-icon\">\n\t\t\t<i aria-hidden=\"true\" class=\"auxicon auxicon-mail-1\"><\/i>\t\t\t<\/div>\n\t\t<\/div>\n\t\t\t\t<\/div>\n\t\t\t\t<\/div>\n\t\t\t\t<div class=\"elementor-element elementor-element-c20fcbf elementor-widget elementor-widget-text-editor\" data-id=\"c20fcbf\" data-element_type=\"widget\" data-widget_type=\"text-editor.default\">\n\t\t\t\t<div class=\"elementor-widget-container\">\n\t\t\t\t\t\t\t\t<div class=\"elementor-text-editor elementor-clearfix\">\n\t\t\t\t<p style=\"text-align: center;\"><b>E-Mail<\/b>:\u00a0 bergladen@gailtaleralmk\u00e4se.at<\/p>\t\t\t\t\t<\/div>\n\t\t\t\t\t\t<\/div>\n\t\t\t\t<\/div>\n\t\t\t\t<div class=\"elementor-element elementor-element-0b4e2dc elementor-view-default elementor-widget elementor-widget-icon\" data-id=\"0b4e2dc\" data-element_type=\"widget\" data-widget_type=\"icon.default\">\n\t\t\t\t<div class=\"elementor-widget-container\">\n\t\t\t\t\t<div class=\"elementor-icon-wrapper\">\n\t\t\t<div class=\"elementor-icon\">\n\t\t\t<i aria-hidden=\"true\" class=\"auxicon auxicon-facebook-3\"><\/i>\t\t\t<\/div>\n\t\t<\/div>\n\t\t\t\t<\/div>\n\t\t\t\t<\/div>\n\t\t\t\t<div class=\"elementor-element elementor-element-a07ad0f elementor-widget elementor-widget-text-editor\" data-id=\"a07ad0f\" data-element_type=\"widget\" data-widget_type=\"text-editor.default\">\n\t\t\t\t<div class=\"elementor-widget-container\">\n\t\t\t\t\t\t\t\t<div class=\"elementor-text-editor elementor-clearfix\">\n\t\t\t\t<p style=\"text-align: center;\"><b>Facebook<\/b>:\u00a0 https:\/\/www.facebook.com\/frondell.alm<\/p>\t\t\t\t\t<\/div>\n\t\t\t\t\t\t<\/div>\n\t\t\t\t<\/div>\n\t\t\t\t\t\t<\/div>\n\t\t\t\t\t<\/div>\n\t\t<\/div>\n\t\t\t\t<div class=\"aux-parallax-section elementor-column elementor-col-50 elementor-top-column elementor-element elementor-element-370bc87\" data-id=\"370bc87\" data-element_type=\"column\">\n\t\t\t<div class=\"elementor-column-wrap elementor-element-populated\">\n\t\t\t\t\t\t\t<div class=\"elementor-widget-wrap\">\n\t\t\t\t\t\t<div class=\"elementor-element elementor-element-dbe1ed6 elementor-widget elementor-widget-image\" data-id=\"dbe1ed6\" data-element_type=\"widget\" data-widget_type=\"image.default\">\n\t\t\t\t<div class=\"elementor-widget-container\">\n\t\t\t\t\t\t\t\t<div class=\"elementor-image\">\n\t\t\t\t\t\t\t\t\t\t\t\t<img width=\"590\" height=\"590\" src=\"https:\/\/xn--gailtaleralmkse-dlb.at\/wp-content\/uploads\/2020\/12\/Klaus-Kanzian.jpg\" class=\"attachment-large size-large\" alt=\"\" loading=\"lazy\" srcset=\"https:\/\/xn--gailtaleralmkse-dlb.at\/wp-content\/uploads\/2020\/12\/Klaus-Kanzian.jpg 590w, https:\/\/xn--gailtaleralmkse-dlb.at\/wp-content\/uploads\/2020\/12\/Klaus-Kanzian-300x300.jpg 300w, https:\/\/xn--gailtaleralmkse-dlb.at\/wp-content\/uploads\/2020\/12\/Klaus-Kanzian-150x150.jpg 150w, https:\/\/xn--gailtaleralmkse-dlb.at\/wp-content\/uploads\/2020\/12\/Klaus-Kanzian-100x100.jpg 100w\" sizes=\"(max-width: 590px) 100vw, 590px\" \/>\t\t\t\t\t\t\t\t\t\t\t\t\t\t<\/div>\n\t\t\t\t\t\t<\/div>\n\t\t\t\t<\/div>\n\t\t\t\t\t\t<\/div>\n\t\t\t\t\t<\/div>\n\t\t<\/div>\n\t\t\t\t\t\t\t\t<\/div>\n\t\t\t\t\t<\/div>\n\t\t<\/section>\n\t\t\t\t\t\t<\/div>\n\t\t\t\t\t\t<\/div>\n\t\t\t\t\t<\/div>\n\t\t","protected":false},"excerpt":{"rendered":"<p>Sie haben Fragen an uns? &#8211; Gerne! Kontaktm\u00f6glichkeiten Gerne nehmen wir uns Zeit, um Ihre Fragen, Anliegen und Beanstandungen ausf\u00fchrlich zu beantworten. Selbstverst\u00e4ndlich haben wir auch ein offenes Ohr f\u00fcr Verbesserungsvorschl\u00e4ge, die sie f\u00fcr unseren Betrieb haben. Andererseits h\u00f6ren wir auch gerne Lob, f\u00fcr die die folgenden Kontaktm\u00f6glichkeiten ebenso genutzt werden k\u00f6nnen. Telefon:&nbsp; 0043 (0)650 [&hellip;]<\/p>\n","protected":false},"author":2,"featured_media":0,"parent":0,"menu_order":0,"comment_status":"closed","ping_status":"closed","template":"","meta":[],"yoast_head":"<!-- This site is optimized with the Yoast SEO plugin v17.9 - https:\/\/yoast.com\/wordpress\/plugins\/seo\/ -->\n<title>Kundensupport - Gailtaler Bergladen<\/title>\n<meta name=\"robots\" content=\"index, follow, max-snippet:-1, max-image-preview:large, max-video-preview:-1\" \/>\n<link rel=\"canonical\" href=\"https:\/\/xn--gailtaleralmkse-dlb.at\/index.php\/support\/\" \/>\n<meta property=\"og:locale\" content=\"de_DE\" \/>\n<meta property=\"og:type\" content=\"article\" \/>\n<meta property=\"og:title\" content=\"Kundensupport - Gailtaler Bergladen\" \/>\n<meta property=\"og:description\" content=\"Sie haben Fragen an uns? &#8211; Gerne! Kontaktm\u00f6glichkeiten Gerne nehmen wir uns Zeit, um Ihre Fragen, Anliegen und Beanstandungen ausf\u00fchrlich zu beantworten. Selbstverst\u00e4ndlich haben wir auch ein offenes Ohr f\u00fcr Verbesserungsvorschl\u00e4ge, die sie f\u00fcr unseren Betrieb haben. Andererseits h\u00f6ren wir auch gerne Lob, f\u00fcr die die folgenden Kontaktm\u00f6glichkeiten ebenso genutzt werden k\u00f6nnen. Telefon:&nbsp; 0043 (0)650 [&hellip;]\" \/>\n<meta property=\"og:url\" content=\"https:\/\/xn--gailtaleralmkse-dlb.at\/index.php\/support\/\" \/>\n<meta property=\"og:site_name\" content=\"Gailtaler Bergladen\" \/>\n<meta property=\"article:publisher\" content=\"https:\/\/www.facebook.com\/gailtaleralmkaese\" \/>\n<meta property=\"article:modified_time\" content=\"2020-12-12T12:03:36+00:00\" \/>\n<meta property=\"og:image\" content=\"https:\/\/xn--gailtaleralmkse-dlb.at\/wp-content\/uploads\/2020\/12\/Klaus-Kanzian.jpg\" \/>\n<meta name=\"twitter:card\" content=\"summary_large_image\" \/>\n<meta name=\"twitter:site\" content=\"@FrondellAlm\" \/>\n<script type=\"application\/ld+json\" class=\"yoast-schema-graph\">{\"@context\":\"https:\/\/schema.org\",\"@graph\":[{\"@type\":\"Organization\",\"@id\":\"https:\/\/xn--gailtaleralmkse-dlb.at\/#organization\",\"name\":\"Gailtaler Almk\\u00e4se Onlineshop\",\"url\":\"https:\/\/xn--gailtaleralmkse-dlb.at\/\",\"sameAs\":[\"https:\/\/www.facebook.com\/gailtaleralmkaese\",\"https:\/\/www.instagram.com\/gailtaleralmkaese\/\",\"https:\/\/www.youtube.com\/user\/holtabua\",\"https:\/\/de.wikipedia.org\/wiki\/Straniger_Alm\",\"https:\/\/twitter.com\/FrondellAlm\"],\"logo\":{\"@type\":\"ImageObject\",\"@id\":\"https:\/\/xn--gailtaleralmkse-dlb.at\/#logo\",\"inLanguage\":\"de\",\"url\":\"https:\/\/xn--gailtaleralmkse-dlb.at\/wp-content\/uploads\/2020\/03\/LOGO-Kopie.png\",\"contentUrl\":\"https:\/\/xn--gailtaleralmkse-dlb.at\/wp-content\/uploads\/2020\/03\/LOGO-Kopie.png\",\"width\":2044,\"height\":888,\"caption\":\"Gailtaler Almk\\u00e4se Onlineshop\"},\"image\":{\"@id\":\"https:\/\/xn--gailtaleralmkse-dlb.at\/#logo\"}},{\"@type\":\"WebSite\",\"@id\":\"https:\/\/xn--gailtaleralmkse-dlb.at\/#website\",\"url\":\"https:\/\/xn--gailtaleralmkse-dlb.at\/\",\"name\":\"Gailtaler Almk\\u00e4se Onlineshop\",\"description\":\"Gutes vom Bauern\",\"publisher\":{\"@id\":\"https:\/\/xn--gailtaleralmkse-dlb.at\/#organization\"},\"potentialAction\":[{\"@type\":\"SearchAction\",\"target\":{\"@type\":\"EntryPoint\",\"urlTemplate\":\"https:\/\/xn--gailtaleralmkse-dlb.at\/?s={search_term_string}\"},\"query-input\":\"required name=search_term_string\"}],\"inLanguage\":\"de\"},{\"@type\":\"ImageObject\",\"@id\":\"https:\/\/xn--gailtaleralmkse-dlb.at\/index.php\/support\/#primaryimage\",\"inLanguage\":\"de\",\"url\":\"https:\/\/xn--gailtaleralmkse-dlb.at\/wp-content\/uploads\/2020\/12\/Klaus-Kanzian.jpg\",\"contentUrl\":\"https:\/\/xn--gailtaleralmkse-dlb.at\/wp-content\/uploads\/2020\/12\/Klaus-Kanzian.jpg\",\"width\":590,\"height\":590},{\"@type\":\"WebPage\",\"@id\":\"https:\/\/xn--gailtaleralmkse-dlb.at\/index.php\/support\/#webpage\",\"url\":\"https:\/\/xn--gailtaleralmkse-dlb.at\/index.php\/support\/\",\"name\":\"Kundensupport - Gailtaler Bergladen\",\"isPartOf\":{\"@id\":\"https:\/\/xn--gailtaleralmkse-dlb.at\/#website\"},\"primaryImageOfPage\":{\"@id\":\"https:\/\/xn--gailtaleralmkse-dlb.at\/index.php\/support\/#primaryimage\"},\"datePublished\":\"2020-12-11T14:08:30+00:00\",\"dateModified\":\"2020-12-12T12:03:36+00:00\",\"breadcrumb\":{\"@id\":\"https:\/\/xn--gailtaleralmkse-dlb.at\/index.php\/support\/#breadcrumb\"},\"inLanguage\":\"de\",\"potentialAction\":[{\"@type\":\"ReadAction\",\"target\":[\"https:\/\/xn--gailtaleralmkse-dlb.at\/index.php\/support\/\"]}]},{\"@type\":\"BreadcrumbList\",\"@id\":\"https:\/\/xn--gailtaleralmkse-dlb.at\/index.php\/support\/#breadcrumb\",\"itemListElement\":[{\"@type\":\"ListItem\",\"position\":1,\"name\":\"Home\",\"item\":\"https:\/\/xn--gailtaleralmkse-dlb.at\/\"},{\"@type\":\"ListItem\",\"position\":2,\"name\":\"Kundensupport\"}]}]}<\/script>\n<!-- \/ Yoast SEO plugin. -->","yoast_head_json":{"title":"Kundensupport - Gailtaler Bergladen","robots":{"index":"index","follow":"follow","max-snippet":"max-snippet:-1","max-image-preview":"max-image-preview:large","max-video-preview":"max-video-preview:-1"},"canonical":"https:\/\/xn--gailtaleralmkse-dlb.at\/index.php\/support\/","og_locale":"de_DE","og_type":"article","og_title":"Kundensupport - Gailtaler Bergladen","og_description":"Sie haben Fragen an uns? &#8211; Gerne! Kontaktm\u00f6glichkeiten Gerne nehmen wir uns Zeit, um Ihre Fragen, Anliegen und Beanstandungen ausf\u00fchrlich zu beantworten. Selbstverst\u00e4ndlich haben wir auch ein offenes Ohr f\u00fcr Verbesserungsvorschl\u00e4ge, die sie f\u00fcr unseren Betrieb haben. Andererseits h\u00f6ren wir auch gerne Lob, f\u00fcr die die folgenden Kontaktm\u00f6glichkeiten ebenso genutzt werden k\u00f6nnen. Telefon:&nbsp; 0043 (0)650 [&hellip;]","og_url":"https:\/\/xn--gailtaleralmkse-dlb.at\/index.php\/support\/","og_site_name":"Gailtaler Bergladen","article_publisher":"https:\/\/www.facebook.com\/gailtaleralmkaese","article_modified_time":"2020-12-12T12:03:36+00:00","og_image":[{"url":"https:\/\/xn--gailtaleralmkse-dlb.at\/wp-content\/uploads\/2020\/12\/Klaus-Kanzian.jpg"}],"twitter_card":"summary_large_image","twitter_site":"@FrondellAlm","schema":{"@context":"https:\/\/schema.org","@graph":[{"@type":"Organization","@id":"https:\/\/xn--gailtaleralmkse-dlb.at\/#organization","name":"Gailtaler Almk\u00e4se Onlineshop","url":"https:\/\/xn--gailtaleralmkse-dlb.at\/","sameAs":["https:\/\/www.facebook.com\/gailtaleralmkaese","https:\/\/www.instagram.com\/gailtaleralmkaese\/","https:\/\/www.youtube.com\/user\/holtabua","https:\/\/de.wikipedia.org\/wiki\/Straniger_Alm","https:\/\/twitter.com\/FrondellAlm"],"logo":{"@type":"ImageObject","@id":"https:\/\/xn--gailtaleralmkse-dlb.at\/#logo","inLanguage":"de","url":"https:\/\/xn--gailtaleralmkse-dlb.at\/wp-content\/uploads\/2020\/03\/LOGO-Kopie.png","contentUrl":"https:\/\/xn--gailtaleralmkse-dlb.at\/wp-content\/uploads\/2020\/03\/LOGO-Kopie.png","width":2044,"height":888,"caption":"Gailtaler Almk\u00e4se Onlineshop"},"image":{"@id":"https:\/\/xn--gailtaleralmkse-dlb.at\/#logo"}},{"@type":"WebSite","@id":"https:\/\/xn--gailtaleralmkse-dlb.at\/#website","url":"https:\/\/xn--gailtaleralmkse-dlb.at\/","name":"Gailtaler Almk\u00e4se Onlineshop","description":"Gutes vom Bauern","publisher":{"@id":"https:\/\/xn--gailtaleralmkse-dlb.at\/#organization"},"potentialAction":[{"@type":"SearchAction","target":{"@type":"EntryPoint","urlTemplate":"https:\/\/xn--gailtaleralmkse-dlb.at\/?s={search_term_string}"},"query-input":"required name=search_term_string"}],"inLanguage":"de"},{"@type":"ImageObject","@id":"https:\/\/xn--gailtaleralmkse-dlb.at\/index.php\/support\/#primaryimage","inLanguage":"de","url":"https:\/\/xn--gailtaleralmkse-dlb.at\/wp-content\/uploads\/2020\/12\/Klaus-Kanzian.jpg","contentUrl":"https:\/\/xn--gailtaleralmkse-dlb.at\/wp-content\/uploads\/2020\/12\/Klaus-Kanzian.jpg","width":590,"height":590},{"@type":"WebPage","@id":"https:\/\/xn--gailtaleralmkse-dlb.at\/index.php\/support\/#webpage","url":"https:\/\/xn--gailtaleralmkse-dlb.at\/index.php\/support\/","name":"Kundensupport - Gailtaler Bergladen","isPartOf":{"@id":"https:\/\/xn--gailtaleralmkse-dlb.at\/#website"},"primaryImageOfPage":{"@id":"https:\/\/xn--gailtaleralmkse-dlb.at\/index.php\/support\/#primaryimage"},"datePublished":"2020-12-11T14:08:30+00:00","dateModified":"2020-12-12T12:03:36+00:00","breadcrumb":{"@id":"https:\/\/xn--gailtaleralmkse-dlb.at\/index.php\/support\/#breadcrumb"},"inLanguage":"de","potentialAction":[{"@type":"ReadAction","target":["https:\/\/xn--gailtaleralmkse-dlb.at\/index.php\/support\/"]}]},{"@type":"BreadcrumbList","@id":"https:\/\/xn--gailtaleralmkse-dlb.at\/index.php\/support\/#breadcrumb","itemListElement":[{"@type":"ListItem","position":1,"name":"Home","item":"https:\/\/xn--gailtaleralmkse-dlb.at\/"},{"@type":"ListItem","position":2,"name":"Kundensupport"}]}]}},"_links":{"self":[{"href":"https:\/\/xn--gailtaleralmkse-dlb.at\/index.php\/wp-json\/wp\/v2\/pages\/553"}],"collection":[{"href":"https:\/\/xn--gailtaleralmkse-dlb.at\/index.php\/wp-json\/wp\/v2\/pages"}],"about":[{"href":"https:\/\/xn--gailtaleralmkse-dlb.at\/index.php\/wp-json\/wp\/v2\/types\/page"}],"author":[{"embeddable":true,"href":"https:\/\/xn--gailtaleralmkse-dlb.at\/index.php\/wp-json\/wp\/v2\/users\/2"}],"replies":[{"embeddable":true,"href":"https:\/\/xn--gailtaleralmkse-dlb.at\/index.php\/wp-json\/wp\/v2\/comments?post=553"}],"version-history":[{"count":5,"href":"https:\/\/xn--gailtaleralmkse-dlb.at\/index.php\/wp-json\/wp\/v2\/pages\/553\/revisions"}],"predecessor-version":[{"id":622,"href":"https:\/\/xn--gailtaleralmkse-dlb.at\/index.php\/wp-json\/wp\/v2\/pages\/553\/revisions\/622"}],"wp:attachment":[{"href":"https:\/\/xn--gailtaleralmkse-dlb.at\/index.php\/wp-json\/wp\/v2\/media?parent=553"}],"curies":[{"name":"wp","href":"https:\/\/api.w.org\/{rel}","templated":true}]}}