{"id":269,"date":"2020-12-11T16:53:34","date_gmt":"2020-12-11T16:53:34","guid":{"rendered":"https:\/\/xn--gailtaleralmkse-dlb.at\/?post_type=product&#038;p=269"},"modified":"2020-12-11T16:53:34","modified_gmt":"2020-12-11T16:53:34","slug":"gailtaler-hauswuerstel","status":"publish","type":"product","link":"https:\/\/xn--gailtaleralmkse-dlb.at\/index.php\/product\/gailtaler-hauswuerstel\/","title":{"rendered":"Gailtaler Hausw\u00fcrstel"},"content":{"rendered":"<p>Unser Qualit\u00e4tshausw\u00fcrstel ist eine schnittfeste, w\u00fcrzige Rohwurst, die aus qualit\u00e4tsvollem Schweinefleisch gl\u00fccklicher Almschweine hergestellt wird und sich durch ein wundersch\u00f6nes rotes Schnittbild auszeichnet. Der feine Geschmack dieser W\u00fcrstel resultiert aus einer delikaten Gew\u00fcrzmischung, die seit Generationen weitergegeben wird und st\u00e4ndig verbessert wurde. Die duftige R\u00e4uchernote erh\u00e4lt das W\u00fcrstchen durch ein Kaltr\u00e4ucherverfahren \u00fcber Buchenholz, ehe es dann zirka sechs Wochen in der Gailtaler Bergluft nachreift. Dadurch erh\u00e4lt das W\u00fcrstchen seinen einzigartigen, herzhaften pfeffrig-aromatischen Geschmack &#8211; ein Muss f\u00fcr jede Brettljause.<\/p>\n<p><strong>Lieferung<\/strong>: Vakuumiert, st\u00fcckweise<\/p>\n","protected":false},"excerpt":{"rendered":"<p>Grobk\u00f6rniges Hausw\u00fcrstel mit feinem, wei\u00dfen Speck hergestellt nach altem Traditionsrezept.<\/p>\n","protected":false},"featured_media":270,"comment_status":"open","ping_status":"closed","template":"","meta":[],"product_cat":[80,79],"product_tag":[57,56,55,54,53],"yoast_head":"<!-- This site is optimized with the Yoast SEO plugin v17.9 - https:\/\/yoast.com\/wordpress\/plugins\/seo\/ -->\n<title>Gailtaler Hausw\u00fcrstel - Gailtaler Bergladen<\/title>\n<meta name=\"robots\" content=\"index, follow, max-snippet:-1, max-image-preview:large, max-video-preview:-1\" \/>\n<link rel=\"canonical\" href=\"https:\/\/xn--gailtaleralmkse-dlb.at\/index.php\/product\/gailtaler-hauswuerstel\/\" \/>\n<meta property=\"og:locale\" content=\"de_DE\" \/>\n<meta property=\"og:type\" content=\"article\" \/>\n<meta property=\"og:title\" content=\"Gailtaler Hausw\u00fcrstel - Gailtaler Bergladen\" \/>\n<meta property=\"og:description\" content=\"Grobk\u00f6rniges Hausw\u00fcrstel mit feinem, wei\u00dfen Speck hergestellt nach altem Traditionsrezept.\" \/>\n<meta property=\"og:url\" content=\"https:\/\/xn--gailtaleralmkse-dlb.at\/index.php\/product\/gailtaler-hauswuerstel\/\" \/>\n<meta property=\"og:site_name\" content=\"Gailtaler Bergladen\" \/>\n<meta property=\"article:publisher\" content=\"https:\/\/www.facebook.com\/gailtaleralmkaese\" \/>\n<meta property=\"og:image\" content=\"https:\/\/xn--gailtaleralmkse-dlb.at\/wp-content\/uploads\/2020\/04\/IMG_1165_wei\u00df.jpg\" \/>\n\t<meta property=\"og:image:width\" content=\"1499\" \/>\n\t<meta property=\"og:image:height\" content=\"1352\" \/>\n\t<meta property=\"og:image:type\" content=\"image\/jpeg\" \/>\n<meta name=\"twitter:card\" content=\"summary_large_image\" \/>\n<meta name=\"twitter:site\" content=\"@FrondellAlm\" \/>\n<script type=\"application\/ld+json\" class=\"yoast-schema-graph\">{\"@context\":\"https:\/\/schema.org\",\"@graph\":[{\"@type\":\"Organization\",\"@id\":\"https:\/\/xn--gailtaleralmkse-dlb.at\/#organization\",\"name\":\"Gailtaler Almk\\u00e4se Onlineshop\",\"url\":\"https:\/\/xn--gailtaleralmkse-dlb.at\/\",\"sameAs\":[\"https:\/\/www.facebook.com\/gailtaleralmkaese\",\"https:\/\/www.instagram.com\/gailtaleralmkaese\/\",\"https:\/\/www.youtube.com\/user\/holtabua\",\"https:\/\/de.wikipedia.org\/wiki\/Straniger_Alm\",\"https:\/\/twitter.com\/FrondellAlm\"],\"logo\":{\"@type\":\"ImageObject\",\"@id\":\"https:\/\/xn--gailtaleralmkse-dlb.at\/#logo\",\"inLanguage\":\"de\",\"url\":\"https:\/\/xn--gailtaleralmkse-dlb.at\/wp-content\/uploads\/2020\/03\/LOGO-Kopie.png\",\"contentUrl\":\"https:\/\/xn--gailtaleralmkse-dlb.at\/wp-content\/uploads\/2020\/03\/LOGO-Kopie.png\",\"width\":2044,\"height\":888,\"caption\":\"Gailtaler Almk\\u00e4se Onlineshop\"},\"image\":{\"@id\":\"https:\/\/xn--gailtaleralmkse-dlb.at\/#logo\"}},{\"@type\":\"WebSite\",\"@id\":\"https:\/\/xn--gailtaleralmkse-dlb.at\/#website\",\"url\":\"https:\/\/xn--gailtaleralmkse-dlb.at\/\",\"name\":\"Gailtaler Almk\\u00e4se Onlineshop\",\"description\":\"Gutes vom Bauern\",\"publisher\":{\"@id\":\"https:\/\/xn--gailtaleralmkse-dlb.at\/#organization\"},\"potentialAction\":[{\"@type\":\"SearchAction\",\"target\":{\"@type\":\"EntryPoint\",\"urlTemplate\":\"https:\/\/xn--gailtaleralmkse-dlb.at\/?s={search_term_string}\"},\"query-input\":\"required name=search_term_string\"}],\"inLanguage\":\"de\"},{\"@type\":\"ImageObject\",\"@id\":\"https:\/\/xn--gailtaleralmkse-dlb.at\/index.php\/product\/gailtaler-hauswuerstel\/#primaryimage\",\"inLanguage\":\"de\",\"url\":\"https:\/\/xn--gailtaleralmkse-dlb.at\/wp-content\/uploads\/2020\/04\/IMG_1165_wei\\u00df.jpg\",\"contentUrl\":\"https:\/\/xn--gailtaleralmkse-dlb.at\/wp-content\/uploads\/2020\/04\/IMG_1165_wei\\u00df.jpg\",\"width\":1499,\"height\":1352},{\"@type\":\"WebPage\",\"@id\":\"https:\/\/xn--gailtaleralmkse-dlb.at\/index.php\/product\/gailtaler-hauswuerstel\/#webpage\",\"url\":\"https:\/\/xn--gailtaleralmkse-dlb.at\/index.php\/product\/gailtaler-hauswuerstel\/\",\"name\":\"Gailtaler Hausw\\u00fcrstel - Gailtaler Bergladen\",\"isPartOf\":{\"@id\":\"https:\/\/xn--gailtaleralmkse-dlb.at\/#website\"},\"primaryImageOfPage\":{\"@id\":\"https:\/\/xn--gailtaleralmkse-dlb.at\/index.php\/product\/gailtaler-hauswuerstel\/#primaryimage\"},\"datePublished\":\"2020-12-11T16:53:34+00:00\",\"dateModified\":\"2020-12-11T16:53:34+00:00\",\"breadcrumb\":{\"@id\":\"https:\/\/xn--gailtaleralmkse-dlb.at\/index.php\/product\/gailtaler-hauswuerstel\/#breadcrumb\"},\"inLanguage\":\"de\",\"potentialAction\":[{\"@type\":\"ReadAction\",\"target\":[\"https:\/\/xn--gailtaleralmkse-dlb.at\/index.php\/product\/gailtaler-hauswuerstel\/\"]}]},{\"@type\":\"BreadcrumbList\",\"@id\":\"https:\/\/xn--gailtaleralmkse-dlb.at\/index.php\/product\/gailtaler-hauswuerstel\/#breadcrumb\",\"itemListElement\":[{\"@type\":\"ListItem\",\"position\":1,\"name\":\"Home\",\"item\":\"https:\/\/xn--gailtaleralmkse-dlb.at\/\"},{\"@type\":\"ListItem\",\"position\":2,\"name\":\"Shop\",\"item\":\"https:\/\/xn--gailtaleralmkse-dlb.at\/index.php\/shop\/\"},{\"@type\":\"ListItem\",\"position\":3,\"name\":\"Gailtaler Hausw\\u00fcrstel\"}]}]}<\/script>\n<!-- \/ Yoast SEO plugin. -->","yoast_head_json":{"title":"Gailtaler Hausw\u00fcrstel - Gailtaler Bergladen","robots":{"index":"index","follow":"follow","max-snippet":"max-snippet:-1","max-image-preview":"max-image-preview:large","max-video-preview":"max-video-preview:-1"},"canonical":"https:\/\/xn--gailtaleralmkse-dlb.at\/index.php\/product\/gailtaler-hauswuerstel\/","og_locale":"de_DE","og_type":"article","og_title":"Gailtaler Hausw\u00fcrstel - Gailtaler Bergladen","og_description":"Grobk\u00f6rniges Hausw\u00fcrstel mit feinem, wei\u00dfen Speck hergestellt nach altem Traditionsrezept.","og_url":"https:\/\/xn--gailtaleralmkse-dlb.at\/index.php\/product\/gailtaler-hauswuerstel\/","og_site_name":"Gailtaler Bergladen","article_publisher":"https:\/\/www.facebook.com\/gailtaleralmkaese","og_image":[{"width":1499,"height":1352,"url":"https:\/\/xn--gailtaleralmkse-dlb.at\/wp-content\/uploads\/2020\/04\/IMG_1165_wei\u00df.jpg","type":"image\/jpeg"}],"twitter_card":"summary_large_image","twitter_site":"@FrondellAlm","schema":{"@context":"https:\/\/schema.org","@graph":[{"@type":"Organization","@id":"https:\/\/xn--gailtaleralmkse-dlb.at\/#organization","name":"Gailtaler Almk\u00e4se Onlineshop","url":"https:\/\/xn--gailtaleralmkse-dlb.at\/","sameAs":["https:\/\/www.facebook.com\/gailtaleralmkaese","https:\/\/www.instagram.com\/gailtaleralmkaese\/","https:\/\/www.youtube.com\/user\/holtabua","https:\/\/de.wikipedia.org\/wiki\/Straniger_Alm","https:\/\/twitter.com\/FrondellAlm"],"logo":{"@type":"ImageObject","@id":"https:\/\/xn--gailtaleralmkse-dlb.at\/#logo","inLanguage":"de","url":"https:\/\/xn--gailtaleralmkse-dlb.at\/wp-content\/uploads\/2020\/03\/LOGO-Kopie.png","contentUrl":"https:\/\/xn--gailtaleralmkse-dlb.at\/wp-content\/uploads\/2020\/03\/LOGO-Kopie.png","width":2044,"height":888,"caption":"Gailtaler Almk\u00e4se Onlineshop"},"image":{"@id":"https:\/\/xn--gailtaleralmkse-dlb.at\/#logo"}},{"@type":"WebSite","@id":"https:\/\/xn--gailtaleralmkse-dlb.at\/#website","url":"https:\/\/xn--gailtaleralmkse-dlb.at\/","name":"Gailtaler Almk\u00e4se Onlineshop","description":"Gutes vom Bauern","publisher":{"@id":"https:\/\/xn--gailtaleralmkse-dlb.at\/#organization"},"potentialAction":[{"@type":"SearchAction","target":{"@type":"EntryPoint","urlTemplate":"https:\/\/xn--gailtaleralmkse-dlb.at\/?s={search_term_string}"},"query-input":"required name=search_term_string"}],"inLanguage":"de"},{"@type":"ImageObject","@id":"https:\/\/xn--gailtaleralmkse-dlb.at\/index.php\/product\/gailtaler-hauswuerstel\/#primaryimage","inLanguage":"de","url":"https:\/\/xn--gailtaleralmkse-dlb.at\/wp-content\/uploads\/2020\/04\/IMG_1165_wei\u00df.jpg","contentUrl":"https:\/\/xn--gailtaleralmkse-dlb.at\/wp-content\/uploads\/2020\/04\/IMG_1165_wei\u00df.jpg","width":1499,"height":1352},{"@type":"WebPage","@id":"https:\/\/xn--gailtaleralmkse-dlb.at\/index.php\/product\/gailtaler-hauswuerstel\/#webpage","url":"https:\/\/xn--gailtaleralmkse-dlb.at\/index.php\/product\/gailtaler-hauswuerstel\/","name":"Gailtaler Hausw\u00fcrstel - Gailtaler Bergladen","isPartOf":{"@id":"https:\/\/xn--gailtaleralmkse-dlb.at\/#website"},"primaryImageOfPage":{"@id":"https:\/\/xn--gailtaleralmkse-dlb.at\/index.php\/product\/gailtaler-hauswuerstel\/#primaryimage"},"datePublished":"2020-12-11T16:53:34+00:00","dateModified":"2020-12-11T16:53:34+00:00","breadcrumb":{"@id":"https:\/\/xn--gailtaleralmkse-dlb.at\/index.php\/product\/gailtaler-hauswuerstel\/#breadcrumb"},"inLanguage":"de","potentialAction":[{"@type":"ReadAction","target":["https:\/\/xn--gailtaleralmkse-dlb.at\/index.php\/product\/gailtaler-hauswuerstel\/"]}]},{"@type":"BreadcrumbList","@id":"https:\/\/xn--gailtaleralmkse-dlb.at\/index.php\/product\/gailtaler-hauswuerstel\/#breadcrumb","itemListElement":[{"@type":"ListItem","position":1,"name":"Home","item":"https:\/\/xn--gailtaleralmkse-dlb.at\/"},{"@type":"ListItem","position":2,"name":"Shop","item":"https:\/\/xn--gailtaleralmkse-dlb.at\/index.php\/shop\/"},{"@type":"ListItem","position":3,"name":"Gailtaler Hausw\u00fcrstel"}]}]}},"_links":{"self":[{"href":"https:\/\/xn--gailtaleralmkse-dlb.at\/index.php\/wp-json\/wp\/v2\/product\/269"}],"collection":[{"href":"https:\/\/xn--gailtaleralmkse-dlb.at\/index.php\/wp-json\/wp\/v2\/product"}],"about":[{"href":"https:\/\/xn--gailtaleralmkse-dlb.at\/index.php\/wp-json\/wp\/v2\/types\/product"}],"replies":[{"embeddable":true,"href":"https:\/\/xn--gailtaleralmkse-dlb.at\/index.php\/wp-json\/wp\/v2\/comments?post=269"}],"wp:featuredmedia":[{"embeddable":true,"href":"https:\/\/xn--gailtaleralmkse-dlb.at\/index.php\/wp-json\/wp\/v2\/media\/270"}],"wp:attachment":[{"href":"https:\/\/xn--gailtaleralmkse-dlb.at\/index.php\/wp-json\/wp\/v2\/media?parent=269"}],"wp:term":[{"taxonomy":"product_cat","embeddable":true,"href":"https:\/\/xn--gailtaleralmkse-dlb.at\/index.php\/wp-json\/wp\/v2\/product_cat?post=269"},{"taxonomy":"product_tag","embeddable":true,"href":"https:\/\/xn--gailtaleralmkse-dlb.at\/index.php\/wp-json\/wp\/v2\/product_tag?post=269"}],"curies":[{"name":"wp","href":"https:\/\/api.w.org\/{rel}","templated":true}]}}