{"id":271,"date":"2020-12-11T16:52:32","date_gmt":"2020-12-11T16:52:32","guid":{"rendered":"https:\/\/xn--gailtaleralmkse-dlb.at\/?post_type=product&#038;p=271"},"modified":"2020-12-11T16:52:33","modified_gmt":"2020-12-11T16:52:33","slug":"gailtaler-bergsalami","status":"publish","type":"product","link":"https:\/\/xn--gailtaleralmkse-dlb.at\/index.php\/product\/gailtaler-bergsalami\/","title":{"rendered":"Gailtaler Bergsalami"},"content":{"rendered":"<p>Die aus heimischen Almschweinen hergestellte, feine Bergsalami <span style=\"display: inline !important; float: none; background-color: transparent; color: #333333; cursor: text; font-family: 'Open Sans',sans-serif; font-size: 16px; font-style: normal; font-variant: normal; font-weight: 400; letter-spacing: normal; orphans: 2; text-align: left; text-decoration: none; text-indent: 0px; text-transform: none; -webkit-text-stroke-width: 0px; white-space: normal; word-spacing: 0px;\">besteht aus qualit\u00e4tsvollem Qualit\u00e4tsfleisch<\/span>, das nach sehr altem Rezept zu einer w\u00fcrzigen Rohwurst weiterverarbeitet wird. Durch Einsatz einer aromatischen Gew\u00fcrzmischung, die \u00fcber Generationen weitergegeben wurde, entstehen nach Kaltr\u00e4ucherung \u00fcber Buchenholz sowie anschlie\u00dfender 10-w\u00f6chiger Reifung in der Gailtalter Bergluft aromatische Bergsalami mit einem besonderen herzhaften sowie pfeffrigen Geschmackserlebnis. Sehr gut geeignet zur klassischen Brettljause, am Jausenbrot oder fein aufgeschnitten auf diversen Feinkostplatten.<\/p>\n<p><strong>Lieferung<\/strong>: Abgabe in St\u00fcck als ganze, vakuumierte Rohwurststange (\u00e1 ca. 540g)<\/p>\n","protected":false},"excerpt":{"rendered":"<p>W\u00fcrzige, hausgemachte Gailtaler Bergsalami nach altem Traditionsrezept hergestellt.<\/p>\n","protected":false},"featured_media":272,"comment_status":"open","ping_status":"closed","template":"","meta":[],"product_cat":[80,79],"product_tag":[59,58],"yoast_head":"<!-- This site is optimized with the Yoast SEO plugin v17.9 - https:\/\/yoast.com\/wordpress\/plugins\/seo\/ -->\n<title>Gailtaler Bergsalami - Gailtaler Bergladen<\/title>\n<meta name=\"robots\" content=\"index, follow, max-snippet:-1, max-image-preview:large, max-video-preview:-1\" \/>\n<link rel=\"canonical\" href=\"https:\/\/xn--gailtaleralmkse-dlb.at\/index.php\/product\/gailtaler-bergsalami\/\" \/>\n<meta property=\"og:locale\" content=\"de_DE\" \/>\n<meta property=\"og:type\" content=\"article\" \/>\n<meta property=\"og:title\" content=\"Gailtaler Bergsalami - Gailtaler Bergladen\" \/>\n<meta property=\"og:description\" content=\"W\u00fcrzige, hausgemachte Gailtaler Bergsalami nach altem Traditionsrezept hergestellt.\" \/>\n<meta property=\"og:url\" content=\"https:\/\/xn--gailtaleralmkse-dlb.at\/index.php\/product\/gailtaler-bergsalami\/\" \/>\n<meta property=\"og:site_name\" content=\"Gailtaler Bergladen\" \/>\n<meta property=\"article:publisher\" content=\"https:\/\/www.facebook.com\/gailtaleralmkaese\" \/>\n<meta property=\"article:modified_time\" content=\"2020-12-11T16:52:33+00:00\" \/>\n<meta property=\"og:image\" content=\"https:\/\/xn--gailtaleralmkse-dlb.at\/wp-content\/uploads\/2020\/04\/rohwurstupload_new_wei\u00df.jpg\" \/>\n\t<meta property=\"og:image:width\" content=\"1499\" \/>\n\t<meta property=\"og:image:height\" content=\"1331\" \/>\n\t<meta property=\"og:image:type\" content=\"image\/jpeg\" \/>\n<meta name=\"twitter:card\" content=\"summary_large_image\" \/>\n<meta name=\"twitter:site\" content=\"@FrondellAlm\" \/>\n<script type=\"application\/ld+json\" class=\"yoast-schema-graph\">{\"@context\":\"https:\/\/schema.org\",\"@graph\":[{\"@type\":\"Organization\",\"@id\":\"https:\/\/xn--gailtaleralmkse-dlb.at\/#organization\",\"name\":\"Gailtaler Almk\\u00e4se Onlineshop\",\"url\":\"https:\/\/xn--gailtaleralmkse-dlb.at\/\",\"sameAs\":[\"https:\/\/www.facebook.com\/gailtaleralmkaese\",\"https:\/\/www.instagram.com\/gailtaleralmkaese\/\",\"https:\/\/www.youtube.com\/user\/holtabua\",\"https:\/\/de.wikipedia.org\/wiki\/Straniger_Alm\",\"https:\/\/twitter.com\/FrondellAlm\"],\"logo\":{\"@type\":\"ImageObject\",\"@id\":\"https:\/\/xn--gailtaleralmkse-dlb.at\/#logo\",\"inLanguage\":\"de\",\"url\":\"https:\/\/xn--gailtaleralmkse-dlb.at\/wp-content\/uploads\/2020\/03\/LOGO-Kopie.png\",\"contentUrl\":\"https:\/\/xn--gailtaleralmkse-dlb.at\/wp-content\/uploads\/2020\/03\/LOGO-Kopie.png\",\"width\":2044,\"height\":888,\"caption\":\"Gailtaler Almk\\u00e4se Onlineshop\"},\"image\":{\"@id\":\"https:\/\/xn--gailtaleralmkse-dlb.at\/#logo\"}},{\"@type\":\"WebSite\",\"@id\":\"https:\/\/xn--gailtaleralmkse-dlb.at\/#website\",\"url\":\"https:\/\/xn--gailtaleralmkse-dlb.at\/\",\"name\":\"Gailtaler Almk\\u00e4se Onlineshop\",\"description\":\"Gutes vom Bauern\",\"publisher\":{\"@id\":\"https:\/\/xn--gailtaleralmkse-dlb.at\/#organization\"},\"potentialAction\":[{\"@type\":\"SearchAction\",\"target\":{\"@type\":\"EntryPoint\",\"urlTemplate\":\"https:\/\/xn--gailtaleralmkse-dlb.at\/?s={search_term_string}\"},\"query-input\":\"required name=search_term_string\"}],\"inLanguage\":\"de\"},{\"@type\":\"ImageObject\",\"@id\":\"https:\/\/xn--gailtaleralmkse-dlb.at\/index.php\/product\/gailtaler-bergsalami\/#primaryimage\",\"inLanguage\":\"de\",\"url\":\"https:\/\/xn--gailtaleralmkse-dlb.at\/wp-content\/uploads\/2020\/04\/rohwurstupload_new_wei\\u00df.jpg\",\"contentUrl\":\"https:\/\/xn--gailtaleralmkse-dlb.at\/wp-content\/uploads\/2020\/04\/rohwurstupload_new_wei\\u00df.jpg\",\"width\":1499,\"height\":1331},{\"@type\":\"WebPage\",\"@id\":\"https:\/\/xn--gailtaleralmkse-dlb.at\/index.php\/product\/gailtaler-bergsalami\/#webpage\",\"url\":\"https:\/\/xn--gailtaleralmkse-dlb.at\/index.php\/product\/gailtaler-bergsalami\/\",\"name\":\"Gailtaler Bergsalami - Gailtaler Bergladen\",\"isPartOf\":{\"@id\":\"https:\/\/xn--gailtaleralmkse-dlb.at\/#website\"},\"primaryImageOfPage\":{\"@id\":\"https:\/\/xn--gailtaleralmkse-dlb.at\/index.php\/product\/gailtaler-bergsalami\/#primaryimage\"},\"datePublished\":\"2020-12-11T16:52:32+00:00\",\"dateModified\":\"2020-12-11T16:52:33+00:00\",\"breadcrumb\":{\"@id\":\"https:\/\/xn--gailtaleralmkse-dlb.at\/index.php\/product\/gailtaler-bergsalami\/#breadcrumb\"},\"inLanguage\":\"de\",\"potentialAction\":[{\"@type\":\"ReadAction\",\"target\":[\"https:\/\/xn--gailtaleralmkse-dlb.at\/index.php\/product\/gailtaler-bergsalami\/\"]}]},{\"@type\":\"BreadcrumbList\",\"@id\":\"https:\/\/xn--gailtaleralmkse-dlb.at\/index.php\/product\/gailtaler-bergsalami\/#breadcrumb\",\"itemListElement\":[{\"@type\":\"ListItem\",\"position\":1,\"name\":\"Home\",\"item\":\"https:\/\/xn--gailtaleralmkse-dlb.at\/\"},{\"@type\":\"ListItem\",\"position\":2,\"name\":\"Shop\",\"item\":\"https:\/\/xn--gailtaleralmkse-dlb.at\/index.php\/shop\/\"},{\"@type\":\"ListItem\",\"position\":3,\"name\":\"Gailtaler Bergsalami\"}]}]}<\/script>\n<!-- \/ Yoast SEO plugin. -->","yoast_head_json":{"title":"Gailtaler Bergsalami - Gailtaler Bergladen","robots":{"index":"index","follow":"follow","max-snippet":"max-snippet:-1","max-image-preview":"max-image-preview:large","max-video-preview":"max-video-preview:-1"},"canonical":"https:\/\/xn--gailtaleralmkse-dlb.at\/index.php\/product\/gailtaler-bergsalami\/","og_locale":"de_DE","og_type":"article","og_title":"Gailtaler Bergsalami - Gailtaler Bergladen","og_description":"W\u00fcrzige, hausgemachte Gailtaler Bergsalami nach altem Traditionsrezept hergestellt.","og_url":"https:\/\/xn--gailtaleralmkse-dlb.at\/index.php\/product\/gailtaler-bergsalami\/","og_site_name":"Gailtaler Bergladen","article_publisher":"https:\/\/www.facebook.com\/gailtaleralmkaese","article_modified_time":"2020-12-11T16:52:33+00:00","og_image":[{"width":1499,"height":1331,"url":"https:\/\/xn--gailtaleralmkse-dlb.at\/wp-content\/uploads\/2020\/04\/rohwurstupload_new_wei\u00df.jpg","type":"image\/jpeg"}],"twitter_card":"summary_large_image","twitter_site":"@FrondellAlm","schema":{"@context":"https:\/\/schema.org","@graph":[{"@type":"Organization","@id":"https:\/\/xn--gailtaleralmkse-dlb.at\/#organization","name":"Gailtaler Almk\u00e4se Onlineshop","url":"https:\/\/xn--gailtaleralmkse-dlb.at\/","sameAs":["https:\/\/www.facebook.com\/gailtaleralmkaese","https:\/\/www.instagram.com\/gailtaleralmkaese\/","https:\/\/www.youtube.com\/user\/holtabua","https:\/\/de.wikipedia.org\/wiki\/Straniger_Alm","https:\/\/twitter.com\/FrondellAlm"],"logo":{"@type":"ImageObject","@id":"https:\/\/xn--gailtaleralmkse-dlb.at\/#logo","inLanguage":"de","url":"https:\/\/xn--gailtaleralmkse-dlb.at\/wp-content\/uploads\/2020\/03\/LOGO-Kopie.png","contentUrl":"https:\/\/xn--gailtaleralmkse-dlb.at\/wp-content\/uploads\/2020\/03\/LOGO-Kopie.png","width":2044,"height":888,"caption":"Gailtaler Almk\u00e4se Onlineshop"},"image":{"@id":"https:\/\/xn--gailtaleralmkse-dlb.at\/#logo"}},{"@type":"WebSite","@id":"https:\/\/xn--gailtaleralmkse-dlb.at\/#website","url":"https:\/\/xn--gailtaleralmkse-dlb.at\/","name":"Gailtaler Almk\u00e4se Onlineshop","description":"Gutes vom Bauern","publisher":{"@id":"https:\/\/xn--gailtaleralmkse-dlb.at\/#organization"},"potentialAction":[{"@type":"SearchAction","target":{"@type":"EntryPoint","urlTemplate":"https:\/\/xn--gailtaleralmkse-dlb.at\/?s={search_term_string}"},"query-input":"required name=search_term_string"}],"inLanguage":"de"},{"@type":"ImageObject","@id":"https:\/\/xn--gailtaleralmkse-dlb.at\/index.php\/product\/gailtaler-bergsalami\/#primaryimage","inLanguage":"de","url":"https:\/\/xn--gailtaleralmkse-dlb.at\/wp-content\/uploads\/2020\/04\/rohwurstupload_new_wei\u00df.jpg","contentUrl":"https:\/\/xn--gailtaleralmkse-dlb.at\/wp-content\/uploads\/2020\/04\/rohwurstupload_new_wei\u00df.jpg","width":1499,"height":1331},{"@type":"WebPage","@id":"https:\/\/xn--gailtaleralmkse-dlb.at\/index.php\/product\/gailtaler-bergsalami\/#webpage","url":"https:\/\/xn--gailtaleralmkse-dlb.at\/index.php\/product\/gailtaler-bergsalami\/","name":"Gailtaler Bergsalami - Gailtaler Bergladen","isPartOf":{"@id":"https:\/\/xn--gailtaleralmkse-dlb.at\/#website"},"primaryImageOfPage":{"@id":"https:\/\/xn--gailtaleralmkse-dlb.at\/index.php\/product\/gailtaler-bergsalami\/#primaryimage"},"datePublished":"2020-12-11T16:52:32+00:00","dateModified":"2020-12-11T16:52:33+00:00","breadcrumb":{"@id":"https:\/\/xn--gailtaleralmkse-dlb.at\/index.php\/product\/gailtaler-bergsalami\/#breadcrumb"},"inLanguage":"de","potentialAction":[{"@type":"ReadAction","target":["https:\/\/xn--gailtaleralmkse-dlb.at\/index.php\/product\/gailtaler-bergsalami\/"]}]},{"@type":"BreadcrumbList","@id":"https:\/\/xn--gailtaleralmkse-dlb.at\/index.php\/product\/gailtaler-bergsalami\/#breadcrumb","itemListElement":[{"@type":"ListItem","position":1,"name":"Home","item":"https:\/\/xn--gailtaleralmkse-dlb.at\/"},{"@type":"ListItem","position":2,"name":"Shop","item":"https:\/\/xn--gailtaleralmkse-dlb.at\/index.php\/shop\/"},{"@type":"ListItem","position":3,"name":"Gailtaler Bergsalami"}]}]}},"_links":{"self":[{"href":"https:\/\/xn--gailtaleralmkse-dlb.at\/index.php\/wp-json\/wp\/v2\/product\/271"}],"collection":[{"href":"https:\/\/xn--gailtaleralmkse-dlb.at\/index.php\/wp-json\/wp\/v2\/product"}],"about":[{"href":"https:\/\/xn--gailtaleralmkse-dlb.at\/index.php\/wp-json\/wp\/v2\/types\/product"}],"replies":[{"embeddable":true,"href":"https:\/\/xn--gailtaleralmkse-dlb.at\/index.php\/wp-json\/wp\/v2\/comments?post=271"}],"wp:featuredmedia":[{"embeddable":true,"href":"https:\/\/xn--gailtaleralmkse-dlb.at\/index.php\/wp-json\/wp\/v2\/media\/272"}],"wp:attachment":[{"href":"https:\/\/xn--gailtaleralmkse-dlb.at\/index.php\/wp-json\/wp\/v2\/media?parent=271"}],"wp:term":[{"taxonomy":"product_cat","embeddable":true,"href":"https:\/\/xn--gailtaleralmkse-dlb.at\/index.php\/wp-json\/wp\/v2\/product_cat?post=271"},{"taxonomy":"product_tag","embeddable":true,"href":"https:\/\/xn--gailtaleralmkse-dlb.at\/index.php\/wp-json\/wp\/v2\/product_tag?post=271"}],"curies":[{"name":"wp","href":"https:\/\/api.w.org\/{rel}","templated":true}]}}